{"id":169,"date":"2019-09-13T15:24:06","date_gmt":"2019-09-13T15:24:06","guid":{"rendered":"http:\/\/rbf.local\/?page_id=161"},"modified":"2019-09-13T15:24:06","modified_gmt":"2019-09-13T15:24:06","slug":"calendrier-2","status":"publish","type":"page","link":"https:\/\/grandfresnoy.fr\/rbf\/calendrier-2\/","title":{"rendered":"Calendrier"},"content":{"rendered":"\n<p>Vous trouverez ci-dessous des dates des diff\u00e9rents trails et courses natures (de moins de 21km) de septembre 2019 \u00e0 juillet 2020 que vous retrouverez sur le site <a aria-label=\"challenge-oise-trail.com (s\u2019ouvre dans un nouvel onglet)\" href=\"http:\/\/www.challenge-oise-trail.com\" target=\"_blank\" rel=\"noreferrer noopener\">challenge-oise-trail.com<\/a>.<br><em>Page mise \u00e0 jour le 27 septembre 2019<\/em><\/p>\n\n\n<h3><strong data-rich-text-format-boundary=\"true\">Septembre 2019<\/strong><\/h3>\n<ul>\n<li><span style=\"color: #ff0000;\"><strong>01\/09<\/strong><\/span> &#8211; <span style=\"text-decoration: underline;\">La foul\u00e9e du pays de Bray<\/span><br data-rich-text-line-break=\"true\" \/>Course nature de14 km &#8211; 300 D+<\/li>\n<li><strong><span style=\"color: #ff0000;\">15\/09<\/span> <\/strong>&#8211; <span style=\"text-decoration: underline;\">Trail des Beau Monts<\/span><br data-rich-text-line-break=\"true\" \/>Course nature de 14 km &#8211; 200 D+<br data-rich-text-line-break=\"true\" \/>Trail de 32 km &#8211; 900 D+<\/li>\n<li><span style=\"color: #ff0000;\"><strong>15\/09<\/strong><\/span> &#8211; <span style=\"text-decoration: underline;\">L&#8217;Orrygeoise<\/span><br data-rich-text-line-break=\"true\" \/>Course nature de 10 km &#8211; 150 D+<\/li>\n<li><span style=\"color: #ff0000;\"><strong>21\/09<\/strong><\/span> &#8211; <span style=\"text-decoration: underline;\">La course gallo-romaine<\/span><br data-rich-text-line-break=\"true\" \/>Course nature de 15km &#8211; 250 D+<\/li>\n<\/ul>\n<hr \/>\n<h3><strong>Octobre 2019<\/strong><\/h3>\n<ul>\n<li><span style=\"color: #ff0000;\"><strong>19\/10<\/strong><\/span> &#8211; <span style=\"text-decoration: underline;\">Trail des lueurs d&#8217;espoir<\/span><br data-rich-text-line-break=\"true\" \/>Course nature de 15 km &#8211; 400 D+<br data-rich-text-line-break=\"true\" \/>Trail de 24 km &#8211; 580 D+<\/li>\n<li><span style=\"color: #ff0000;\"><strong>20\/10<\/strong><\/span> &#8211; <span style=\"text-decoration: underline;\">La 14-18 de Thiescourt<\/span><br \/>Pour la 6\u00e8me \u00e9dition, au programme une randonn\u00e9e\u00a0p\u00e9destre et une course \u00e0 obstacles <strong>encore plus ph\u00e9nom\u00e9nale !<\/strong><\/li>\n<\/ul>\n<hr \/>\n<h3><strong>Novembre 2019<\/strong><\/h3>\n<ul>\n<li><span style=\"color: #ff0000;\"><strong>01\/11<\/strong><\/span> &#8211; <span style=\"text-decoration: underline;\">La Saut&#8217;trail<\/span><br data-rich-text-line-break=\"true\" \/>Course nature de 14 km &#8211; 220 D+<br data-rich-text-line-break=\"true\" \/>Trail de 21 km &#8211; 730 D+<\/li>\n<li><span style=\"color: #ff0000;\"><strong>23\/11<\/strong><\/span> &#8211; <span style=\"text-decoration: underline;\">La Pont&#8217;Oise<\/span><br data-rich-text-line-break=\"true\" \/>Course nature de 15 km &#8211; 300 D+<br data-rich-text-line-break=\"true\" \/>Trail de 25 km &#8211; 600 D+<\/li>\n<\/ul>\n<hr \/>\n<h3><strong>D\u00e9cembre 2019<\/strong><\/h3>\n<ul>\n<li><span style=\"color: #ff0000;\"><strong>21\/12<\/strong> <\/span>&#8211; <span style=\"text-decoration: underline;\">La 14\/18 noctrail<\/span><br data-rich-text-line-break=\"true\" \/>Course nature de 8 km &#8211; D+<br data-rich-text-line-break=\"true\" \/>Trail de 21 km &#8211; D+<\/li>\n<\/ul>\n<hr \/>\n<h3><strong>Janvier 2020<\/strong><\/h3>\n<ul>\n<li><span style=\"color: #ff0000;\"><strong>19\/01<\/strong><\/span> &#8211; <span style=\"text-decoration: underline;\">Le trail du ch\u00e2teau de Pierrefonds<\/span><br data-rich-text-line-break=\"true\" \/>Course nature de 13 km &#8211; 250 D+<br data-rich-text-line-break=\"true\" \/>Trail de 27 km &#8211; 600 D+<\/li>\n<\/ul>\n<hr \/>\n<h3><strong>F\u00e9vrier 2020<\/strong><\/h3>\n<ul>\n<li><span style=\"color: #ff0000;\"><strong>02\/02<\/strong><\/span> &#8211; <span style=\"text-decoration: underline;\">Trail de St Just<\/span><br data-rich-text-line-break=\"true\" \/>Course nature de 8 km &#8211; D+<\/li>\n<\/ul>\n<hr \/>\n<h3><strong>Mars 2020<\/strong><\/h3>\n<ul>\n<li><span style=\"color: #ff0000;\"><strong>23\/03<\/strong><\/span> &#8211; <span style=\"text-decoration: underline;\">La p&#8217;tite vadrouille<\/span><br data-rich-text-line-break=\"true\" \/>Course nature de 17 km &#8211; 400 D+<br data-rich-text-line-break=\"true\" \/>Trail de 36 km &#8211; 900 D+<\/li>\n<\/ul>\n<hr \/>\n<h3><strong>Avril 2020<\/strong><\/h3>\n<ul>\n<li><span style=\"color: #ff0000;\"><strong>04\/04<\/strong><\/span> &#8211; <span style=\"text-decoration: underline;\">Les chemins de Daniel<\/span><br data-rich-text-line-break=\"true\" \/>Course nature de 16 km &#8211; 250 D+<\/li>\n<li><span style=\"color: #ff0000;\"><strong>19\/04<\/strong> <\/span>&#8211; <span style=\"text-decoration: underline;\">La Villersoise<\/span><br data-rich-text-line-break=\"true\" \/>Course nature de 8 km &#8211; 100 D+<\/li>\n<li><span style=\"color: #ff0000;\"><strong>25\/04<\/strong> <\/span>&#8211; <span style=\"text-decoration: underline;\">City trail du Valois<\/span><br data-rich-text-line-break=\"true\" \/>Course nature de 12 km &#8211; 150 D+<br data-rich-text-line-break=\"true\" \/>Trail de 21 km &#8211; 260 D+<\/li>\n<\/ul>\n<hr \/>\n<h3><strong>Mai 2020<\/strong><\/h3>\n<ul>\n<li><span style=\"color: #ff0000;\"><strong>03\/05<\/strong><\/span> &#8211; <span style=\"text-decoration: underline;\">Trail de Beauvais<\/span><br data-rich-text-line-break=\"true\" \/>Course nature de 17 km &#8211; 150 D+<br data-rich-text-line-break=\"true\" \/>Trail de 26 km &#8211; 400 D+<\/li>\n<li><span style=\"color: #ff0000;\"><strong>17\/05<\/strong><\/span> &#8211; <span style=\"text-decoration: underline;\">Neuilly en trail<\/span><br data-rich-text-line-break=\"true\" \/>Course nature de 12 km &#8211; 180 D+<br data-rich-text-line-break=\"true\" \/>Trail de 23 km &#8211; 450 D+<\/li>\n<li><span style=\"color: #ff0000;\"><strong>31\/05<\/strong><\/span> &#8211; <span style=\"text-decoration: underline;\">Trail du ch\u00e2teau de Verneuil<\/span><br data-rich-text-line-break=\"true\" \/>Course nature de 15 km &#8211; 200 D+<br data-rich-text-line-break=\"true\" \/>Trail de 30 km &#8211; 490 D+<\/li>\n<\/ul>\n<hr \/>\n<h3><strong>Juin 2020<\/strong><\/h3>\n<ul>\n<li><span style=\"color: #ff0000;\"><strong>13\/06<\/strong><\/span> &#8211; <span style=\"text-decoration: underline;\">La Bresl&#8217;oise<\/span><br data-rich-text-line-break=\"true\" \/>Course nature de 12 km &#8211; 200 D+<br data-rich-text-line-break=\"true\" \/>Trail de 24 km &#8211; 490 D+<\/li>\n<li><span style=\"color: #ff0000;\"><strong>14\/06<\/strong><\/span> &#8211; <span style=\"text-decoration: underline;\">Maratrail de l&#8217;Orrygeoise<\/span><br data-rich-text-line-break=\"true\" \/>Trail de 42.195 km + 400 D+<\/li>\n<\/ul>\n<hr \/>\n<h3><strong>Juillet 2020<\/strong><\/h3>\n<ul>\n<li><span style=\"color: #ff0000;\"><strong>05\/07<\/strong> <\/span>&#8211; <span style=\"text-decoration: underline;\">Le trail du bois de c\u00f4tes<\/span><br data-rich-text-line-break=\"true\" \/>Course nature de 16 km &#8211; 500 D+<br data-rich-text-line-break=\"true\" \/>Trail de 31 km &#8211; 1300 D+<\/li>\n<\/ul>\n<hr \/>\n\n\n<h2 class=\"wp-block-heading\">Date \u00e0 retenir<\/h2>\n\n\n\n<p>Date suppl\u00e9mentaire \u00e0 retenir pour les volontaires.<\/p>\n\n\n\n<ul><li><strong>1er mars 2020<\/strong> \u2013 Semi marathon de Paris<\/li><li><strong>5 avril 2020<\/strong> \u2013 Marathon de Paris<\/li><li><strong>19, 20, 21 avril 2020<\/strong> \u2013 Triathlon de Deauville<\/li><\/ul>\n","protected":false},"excerpt":{"rendered":"<p>Vous trouverez ci-dessous des dates des diff\u00e9rents trails et courses natures (de moins de 21km)&#8230;<\/p>\n","protected":false},"author":1,"featured_media":0,"parent":0,"menu_order":0,"comment_status":"closed","ping_status":"closed","template":"","meta":{"footnotes":""},"_links":{"self":[{"href":"https:\/\/grandfresnoy.fr\/rbf\/wp-json\/wp\/v2\/pages\/169"}],"collection":[{"href":"https:\/\/grandfresnoy.fr\/rbf\/wp-json\/wp\/v2\/pages"}],"about":[{"href":"https:\/\/grandfresnoy.fr\/rbf\/wp-json\/wp\/v2\/types\/page"}],"author":[{"embeddable":true,"href":"https:\/\/grandfresnoy.fr\/rbf\/wp-json\/wp\/v2\/users\/1"}],"replies":[{"embeddable":true,"href":"https:\/\/grandfresnoy.fr\/rbf\/wp-json\/wp\/v2\/comments?post=169"}],"version-history":[{"count":0,"href":"https:\/\/grandfresnoy.fr\/rbf\/wp-json\/wp\/v2\/pages\/169\/revisions"}],"wp:attachment":[{"href":"https:\/\/grandfresnoy.fr\/rbf\/wp-json\/wp\/v2\/media?parent=169"}],"curies":[{"name":"wp","href":"https:\/\/api.w.org\/{rel}","templated":true}]}}